{"id":61,"date":"2025-07-23T09:58:48","date_gmt":"2025-07-23T12:58:48","guid":{"rendered":"https:\/\/contavante.com.br\/?page_id=61"},"modified":"2025-07-29T11:27:24","modified_gmt":"2025-07-29T14:27:24","slug":"contatos","status":"publish","type":"page","link":"https:\/\/contavante.com.br\/index.php\/contatos\/","title":{"rendered":"Contatos"},"content":{"rendered":"\n<div class=\"wp-block-cover\" style=\"min-height:251px;aspect-ratio:unset;\"><img loading=\"lazy\" decoding=\"async\" width=\"1024\" height=\"585\" class=\"wp-block-cover__image-background wp-image-111 size-large\" alt=\"\" src=\"https:\/\/contavante.com.br\/wp-content\/uploads\/2025\/07\/Contabilidade_20250723_145925_0000-1-1024x585.png\" data-object-fit=\"cover\" srcset=\"https:\/\/contavante.com.br\/wp-content\/uploads\/2025\/07\/Contabilidade_20250723_145925_0000-1-1024x585.png 1024w, https:\/\/contavante.com.br\/wp-content\/uploads\/2025\/07\/Contabilidade_20250723_145925_0000-1-300x171.png 300w, https:\/\/contavante.com.br\/wp-content\/uploads\/2025\/07\/Contabilidade_20250723_145925_0000-1-768x439.png 768w, https:\/\/contavante.com.br\/wp-content\/uploads\/2025\/07\/Contabilidade_20250723_145925_0000-1.png 1050w\" sizes=\"auto, (max-width: 1024px) 100vw, 1024px\" \/><span aria-hidden=\"true\" class=\"wp-block-cover__background has-background-dim\" style=\"background-color:#4c4039\"><\/span><div class=\"wp-block-cover__inner-container is-layout-constrained wp-block-cover-is-layout-constrained\">\n<h1 class=\"wp-block-heading has-text-align-center has-large-font-size\">Contatos<\/h1>\n<\/div><\/div>\n\n\n\n<h3 class=\"wp-block-heading\"><strong>Entre em contato conosco atrav\u00e9s das op\u00e7\u00f5es abaixo:<\/strong><\/h3>\n\n\n\n<p><strong>WhatsApp:<\/strong> <a href=\"https:\/\/wa.me\/554184611680\">41 98461-1680<\/a><\/p>\n\n\n\n<p><strong>E-mail:<\/strong> contato@contavante.com.br<\/p>\n\n\n\n<p><strong>Facebook:<\/strong> <a href=\"https:\/\/www.facebook.com\/profile.php?id=61552716494019\">ContAvante Contabilidade<\/a><\/p>\n\n\n\n<p><strong>Instagram:<\/strong> <a href=\"https:\/\/www.instagram.com\/contavante_contabilidade\">contavante_contabilidade<\/a><\/p>\n\n\n\n<p><strong>Aproveite para tamb\u00e9m nos seguir nas nossas redes sociais, assim voc\u00ea fica atualizado com as informa\u00e7\u00f5es relacionadas \u00e0 contabilidade<\/strong>.<\/p>\n","protected":false},"excerpt":{"rendered":"<p>Entre em contato conosco atrav\u00e9s das op\u00e7\u00f5es abaixo: WhatsApp: 41 98461-1680 E-mail: contato@contavante.com.br Facebook: ContAvante Contabilidade Instagram: contavante_contabilidade Aproveite para tamb\u00e9m nos seguir nas nossas redes sociais, assim voc\u00ea fica atualizado com as informa\u00e7\u00f5es relacionadas \u00e0 contabilidade.<\/p>\n","protected":false},"author":1,"featured_media":0,"parent":0,"menu_order":0,"comment_status":"closed","ping_status":"closed","template":"","meta":{"footnotes":""},"class_list":["post-61","page","type-page","status-publish","hentry"],"yoast_head":"<!-- This site is optimized with the Yoast SEO plugin v25.5 - https:\/\/yoast.com\/wordpress\/plugins\/seo\/ -->\n<title>Contatos - ContAvante Contabilidade - Campo Largo<\/title>\n<meta name=\"robots\" content=\"index, follow, max-snippet:-1, max-image-preview:large, max-video-preview:-1\" \/>\n<link rel=\"canonical\" href=\"https:\/\/contavante.com.br\/index.php\/contatos\/\" \/>\n<meta property=\"og:locale\" content=\"pt_BR\" \/>\n<meta property=\"og:type\" content=\"article\" \/>\n<meta property=\"og:title\" content=\"Contatos - ContAvante Contabilidade - Campo Largo\" \/>\n<meta property=\"og:description\" content=\"Entre em contato conosco atrav\u00e9s das op\u00e7\u00f5es abaixo: WhatsApp: 41 98461-1680 E-mail: contato@contavante.com.br Facebook: ContAvante Contabilidade Instagram: contavante_contabilidade Aproveite para tamb\u00e9m nos seguir nas nossas redes sociais, assim voc\u00ea fica atualizado com as informa\u00e7\u00f5es relacionadas \u00e0 contabilidade.\" \/>\n<meta property=\"og:url\" content=\"https:\/\/contavante.com.br\/index.php\/contatos\/\" \/>\n<meta property=\"og:site_name\" content=\"ContAvante Contabilidade - Campo Largo\" \/>\n<meta property=\"article:publisher\" content=\"https:\/\/www.facebook.com\/profile.php?id=61552716494019\" \/>\n<meta property=\"article:modified_time\" content=\"2025-07-29T14:27:24+00:00\" \/>\n<meta property=\"og:image\" content=\"https:\/\/contavante.com.br\/wp-content\/uploads\/2025\/07\/Contabilidade_20250723_145925_0000-1.png\" \/>\n\t<meta property=\"og:image:width\" content=\"1050\" \/>\n\t<meta property=\"og:image:height\" content=\"600\" \/>\n\t<meta property=\"og:image:type\" content=\"image\/png\" \/>\n<meta name=\"twitter:card\" content=\"summary_large_image\" \/>\n<script type=\"application\/ld+json\" class=\"yoast-schema-graph\">{\"@context\":\"https:\/\/schema.org\",\"@graph\":[{\"@type\":\"WebPage\",\"@id\":\"https:\/\/contavante.com.br\/index.php\/contatos\/\",\"url\":\"https:\/\/contavante.com.br\/index.php\/contatos\/\",\"name\":\"Contatos - ContAvante Contabilidade - Campo Largo\",\"isPartOf\":{\"@id\":\"https:\/\/contavante.com.br\/#website\"},\"primaryImageOfPage\":{\"@id\":\"https:\/\/contavante.com.br\/index.php\/contatos\/#primaryimage\"},\"image\":{\"@id\":\"https:\/\/contavante.com.br\/index.php\/contatos\/#primaryimage\"},\"thumbnailUrl\":\"https:\/\/contavante.com.br\/wp-content\/uploads\/2025\/07\/Contabilidade_20250723_145925_0000-1-1024x585.png\",\"datePublished\":\"2025-07-23T12:58:48+00:00\",\"dateModified\":\"2025-07-29T14:27:24+00:00\",\"breadcrumb\":{\"@id\":\"https:\/\/contavante.com.br\/index.php\/contatos\/#breadcrumb\"},\"inLanguage\":\"pt-BR\",\"potentialAction\":[{\"@type\":\"ReadAction\",\"target\":[\"https:\/\/contavante.com.br\/index.php\/contatos\/\"]}]},{\"@type\":\"ImageObject\",\"inLanguage\":\"pt-BR\",\"@id\":\"https:\/\/contavante.com.br\/index.php\/contatos\/#primaryimage\",\"url\":\"https:\/\/contavante.com.br\/wp-content\/uploads\/2025\/07\/Contabilidade_20250723_145925_0000-1.png\",\"contentUrl\":\"https:\/\/contavante.com.br\/wp-content\/uploads\/2025\/07\/Contabilidade_20250723_145925_0000-1.png\",\"width\":1050,\"height\":600},{\"@type\":\"BreadcrumbList\",\"@id\":\"https:\/\/contavante.com.br\/index.php\/contatos\/#breadcrumb\",\"itemListElement\":[{\"@type\":\"ListItem\",\"position\":1,\"name\":\"Home\",\"item\":\"https:\/\/contavante.com.br\/\"},{\"@type\":\"ListItem\",\"position\":2,\"name\":\"Contatos\"}]},{\"@type\":\"WebSite\",\"@id\":\"https:\/\/contavante.com.br\/#website\",\"url\":\"https:\/\/contavante.com.br\/\",\"name\":\"ContAvante Contabilidade\",\"description\":\"Contabilidade para empresas do Paran\u00e1\",\"publisher\":{\"@id\":\"https:\/\/contavante.com.br\/#organization\"},\"potentialAction\":[{\"@type\":\"SearchAction\",\"target\":{\"@type\":\"EntryPoint\",\"urlTemplate\":\"https:\/\/contavante.com.br\/?s={search_term_string}\"},\"query-input\":{\"@type\":\"PropertyValueSpecification\",\"valueRequired\":true,\"valueName\":\"search_term_string\"}}],\"inLanguage\":\"pt-BR\"},{\"@type\":\"Organization\",\"@id\":\"https:\/\/contavante.com.br\/#organization\",\"name\":\"ContAvante Contabilidade\",\"url\":\"https:\/\/contavante.com.br\/\",\"logo\":{\"@type\":\"ImageObject\",\"inLanguage\":\"pt-BR\",\"@id\":\"https:\/\/contavante.com.br\/#\/schema\/logo\/image\/\",\"url\":\"https:\/\/contavante.com.br\/wp-content\/uploads\/2025\/07\/cropped-CONTAVANTE-1-1.png\",\"contentUrl\":\"https:\/\/contavante.com.br\/wp-content\/uploads\/2025\/07\/cropped-CONTAVANTE-1-1.png\",\"width\":512,\"height\":512,\"caption\":\"ContAvante Contabilidade\"},\"image\":{\"@id\":\"https:\/\/contavante.com.br\/#\/schema\/logo\/image\/\"},\"sameAs\":[\"https:\/\/www.facebook.com\/profile.php?id=61552716494019\",\"https:\/\/www.instagram.com\/contavante_contabilidade\"]}]}<\/script>\n<!-- \/ Yoast SEO plugin. -->","yoast_head_json":{"title":"Contatos - ContAvante Contabilidade - Campo Largo","robots":{"index":"index","follow":"follow","max-snippet":"max-snippet:-1","max-image-preview":"max-image-preview:large","max-video-preview":"max-video-preview:-1"},"canonical":"https:\/\/contavante.com.br\/index.php\/contatos\/","og_locale":"pt_BR","og_type":"article","og_title":"Contatos - ContAvante Contabilidade - Campo Largo","og_description":"Entre em contato conosco atrav\u00e9s das op\u00e7\u00f5es abaixo: WhatsApp: 41 98461-1680 E-mail: contato@contavante.com.br Facebook: ContAvante Contabilidade Instagram: contavante_contabilidade Aproveite para tamb\u00e9m nos seguir nas nossas redes sociais, assim voc\u00ea fica atualizado com as informa\u00e7\u00f5es relacionadas \u00e0 contabilidade.","og_url":"https:\/\/contavante.com.br\/index.php\/contatos\/","og_site_name":"ContAvante Contabilidade - Campo Largo","article_publisher":"https:\/\/www.facebook.com\/profile.php?id=61552716494019","article_modified_time":"2025-07-29T14:27:24+00:00","og_image":[{"width":1050,"height":600,"url":"https:\/\/contavante.com.br\/wp-content\/uploads\/2025\/07\/Contabilidade_20250723_145925_0000-1.png","type":"image\/png"}],"twitter_card":"summary_large_image","schema":{"@context":"https:\/\/schema.org","@graph":[{"@type":"WebPage","@id":"https:\/\/contavante.com.br\/index.php\/contatos\/","url":"https:\/\/contavante.com.br\/index.php\/contatos\/","name":"Contatos - ContAvante Contabilidade - Campo Largo","isPartOf":{"@id":"https:\/\/contavante.com.br\/#website"},"primaryImageOfPage":{"@id":"https:\/\/contavante.com.br\/index.php\/contatos\/#primaryimage"},"image":{"@id":"https:\/\/contavante.com.br\/index.php\/contatos\/#primaryimage"},"thumbnailUrl":"https:\/\/contavante.com.br\/wp-content\/uploads\/2025\/07\/Contabilidade_20250723_145925_0000-1-1024x585.png","datePublished":"2025-07-23T12:58:48+00:00","dateModified":"2025-07-29T14:27:24+00:00","breadcrumb":{"@id":"https:\/\/contavante.com.br\/index.php\/contatos\/#breadcrumb"},"inLanguage":"pt-BR","potentialAction":[{"@type":"ReadAction","target":["https:\/\/contavante.com.br\/index.php\/contatos\/"]}]},{"@type":"ImageObject","inLanguage":"pt-BR","@id":"https:\/\/contavante.com.br\/index.php\/contatos\/#primaryimage","url":"https:\/\/contavante.com.br\/wp-content\/uploads\/2025\/07\/Contabilidade_20250723_145925_0000-1.png","contentUrl":"https:\/\/contavante.com.br\/wp-content\/uploads\/2025\/07\/Contabilidade_20250723_145925_0000-1.png","width":1050,"height":600},{"@type":"BreadcrumbList","@id":"https:\/\/contavante.com.br\/index.php\/contatos\/#breadcrumb","itemListElement":[{"@type":"ListItem","position":1,"name":"Home","item":"https:\/\/contavante.com.br\/"},{"@type":"ListItem","position":2,"name":"Contatos"}]},{"@type":"WebSite","@id":"https:\/\/contavante.com.br\/#website","url":"https:\/\/contavante.com.br\/","name":"ContAvante Contabilidade","description":"Contabilidade para empresas do Paran\u00e1","publisher":{"@id":"https:\/\/contavante.com.br\/#organization"},"potentialAction":[{"@type":"SearchAction","target":{"@type":"EntryPoint","urlTemplate":"https:\/\/contavante.com.br\/?s={search_term_string}"},"query-input":{"@type":"PropertyValueSpecification","valueRequired":true,"valueName":"search_term_string"}}],"inLanguage":"pt-BR"},{"@type":"Organization","@id":"https:\/\/contavante.com.br\/#organization","name":"ContAvante Contabilidade","url":"https:\/\/contavante.com.br\/","logo":{"@type":"ImageObject","inLanguage":"pt-BR","@id":"https:\/\/contavante.com.br\/#\/schema\/logo\/image\/","url":"https:\/\/contavante.com.br\/wp-content\/uploads\/2025\/07\/cropped-CONTAVANTE-1-1.png","contentUrl":"https:\/\/contavante.com.br\/wp-content\/uploads\/2025\/07\/cropped-CONTAVANTE-1-1.png","width":512,"height":512,"caption":"ContAvante Contabilidade"},"image":{"@id":"https:\/\/contavante.com.br\/#\/schema\/logo\/image\/"},"sameAs":["https:\/\/www.facebook.com\/profile.php?id=61552716494019","https:\/\/www.instagram.com\/contavante_contabilidade"]}]}},"_links":{"self":[{"href":"https:\/\/contavante.com.br\/index.php\/wp-json\/wp\/v2\/pages\/61","targetHints":{"allow":["GET"]}}],"collection":[{"href":"https:\/\/contavante.com.br\/index.php\/wp-json\/wp\/v2\/pages"}],"about":[{"href":"https:\/\/contavante.com.br\/index.php\/wp-json\/wp\/v2\/types\/page"}],"author":[{"embeddable":true,"href":"https:\/\/contavante.com.br\/index.php\/wp-json\/wp\/v2\/users\/1"}],"replies":[{"embeddable":true,"href":"https:\/\/contavante.com.br\/index.php\/wp-json\/wp\/v2\/comments?post=61"}],"version-history":[{"count":9,"href":"https:\/\/contavante.com.br\/index.php\/wp-json\/wp\/v2\/pages\/61\/revisions"}],"predecessor-version":[{"id":278,"href":"https:\/\/contavante.com.br\/index.php\/wp-json\/wp\/v2\/pages\/61\/revisions\/278"}],"wp:attachment":[{"href":"https:\/\/contavante.com.br\/index.php\/wp-json\/wp\/v2\/media?parent=61"}],"curies":[{"name":"wp","href":"https:\/\/api.w.org\/{rel}","templated":true}]}}