{"id":88,"date":"2025-07-23T16:16:40","date_gmt":"2025-07-23T19:16:40","guid":{"rendered":"https:\/\/contavante.com.br\/?page_id=88"},"modified":"2025-07-23T16:16:40","modified_gmt":"2025-07-23T19:16:40","slug":"blog","status":"publish","type":"page","link":"https:\/\/contavante.com.br\/index.php\/blog\/","title":{"rendered":"Blog"},"content":{"rendered":"\n<div class=\"wp-block-cover\" style=\"min-height:249px;aspect-ratio:unset;\"><img loading=\"lazy\" decoding=\"async\" width=\"1024\" height=\"585\" class=\"wp-block-cover__image-background wp-image-90\" alt=\"\" src=\"https:\/\/contavante.com.br\/wp-content\/uploads\/2025\/07\/Contabilidade_20250723_113319_0000-1024x585.png\" data-object-fit=\"cover\" srcset=\"https:\/\/contavante.com.br\/wp-content\/uploads\/2025\/07\/Contabilidade_20250723_113319_0000-1024x585.png 1024w, https:\/\/contavante.com.br\/wp-content\/uploads\/2025\/07\/Contabilidade_20250723_113319_0000-300x171.png 300w, https:\/\/contavante.com.br\/wp-content\/uploads\/2025\/07\/Contabilidade_20250723_113319_0000-768x439.png 768w, https:\/\/contavante.com.br\/wp-content\/uploads\/2025\/07\/Contabilidade_20250723_113319_0000.png 1050w\" sizes=\"auto, (max-width: 1024px) 100vw, 1024px\" \/><span aria-hidden=\"true\" class=\"wp-block-cover__background has-background-dim\"><\/span><div class=\"wp-block-cover__inner-container is-layout-flow wp-block-cover-is-layout-flow\">\n<h1 class=\"wp-block-heading has-text-align-center\">Blog<\/h1>\n<\/div><\/div>\n\n\n\n<main class=\"wp-block-group is-layout-flow wp-container-core-group-is-layout-bb1e360e wp-block-group-is-layout-flow\" style=\"margin-top:0;margin-bottom:0;padding-top:0;padding-right:0;padding-bottom:0;padding-left:0\">\n<div class=\"wp-block-group alignfull is-layout-constrained wp-container-core-group-is-layout-43e22029 wp-block-group-is-layout-constrained\" style=\"margin-top:0px;margin-bottom:0px;padding-top:64px;padding-bottom:64px\">\n<h3 class=\"wp-block-heading\">Veja algumas de nossas postagens recentes:<\/h3>\n\n\n\n<div class=\"wp-block-query alignwide is-layout-flow wp-block-query-is-layout-flow\"><ul class=\"wp-block-post-template is-layout-flow wp-block-post-template-is-layout-flow\"><li class=\"wp-block-post post-282 post type-post status-publish format-standard has-post-thumbnail hentry category-contabilidade tag-contabilidade tag-contador tag-contador-campo-largo tag-contador-em-campo-largo tag-contavante\">\n\n<div class=\"wp-block-columns is-layout-flex wp-container-core-columns-is-layout-28f84493 wp-block-columns-is-layout-flex\">\n<div class=\"wp-block-column is-layout-flow wp-block-column-is-layout-flow\" style=\"flex-basis:30%\"><figure class=\"wp-block-post-featured-image\"><a href=\"https:\/\/contavante.com.br\/index.php\/2025\/07\/31\/contabilidade-em-campo-largo-seu-negocio-sempre-avante\/\" target=\"_self\"  ><img loading=\"lazy\" decoding=\"async\" width=\"500\" height=\"500\" src=\"https:\/\/contavante.com.br\/wp-content\/uploads\/2025\/07\/Copia-de-CONTAVANTE_20250731_114210_0000.png\" class=\"attachment-post-thumbnail size-post-thumbnail wp-post-image\" alt=\"Contabilidade em Campo Largo: Seu Neg\u00f3cio Sempre Avante\" style=\"object-fit:cover;\" srcset=\"https:\/\/contavante.com.br\/wp-content\/uploads\/2025\/07\/Copia-de-CONTAVANTE_20250731_114210_0000.png 500w, https:\/\/contavante.com.br\/wp-content\/uploads\/2025\/07\/Copia-de-CONTAVANTE_20250731_114210_0000-300x300.png 300w, https:\/\/contavante.com.br\/wp-content\/uploads\/2025\/07\/Copia-de-CONTAVANTE_20250731_114210_0000-150x150.png 150w\" sizes=\"auto, (max-width: 500px) 100vw, 500px\" \/><\/a><\/figure><\/div>\n\n\n\n<div class=\"wp-block-column is-vertically-aligned-center is-layout-flow wp-container-core-column-is-layout-6b73ce23 wp-block-column-is-layout-flow\"><h3 class=\"wp-block-post-title\"><a href=\"https:\/\/contavante.com.br\/index.php\/2025\/07\/31\/contabilidade-em-campo-largo-seu-negocio-sempre-avante\/\" target=\"_self\" >Contabilidade em Campo Largo: Seu Neg\u00f3cio Sempre Avante<\/a><\/h3>\n\n<div class=\"wp-block-post-date has-small-font-size\"><time datetime=\"2025-07-31T11:44:54-03:00\">31 de julho de 2025<\/time><\/div>\n\n<div class=\"wp-block-post-excerpt\"><p class=\"wp-block-post-excerpt__excerpt\">A vibrante cidade de Campo Largo, no Paran\u00e1, conhecida por sua tradi\u00e7\u00e3o industrial e polo de cer\u00e2mica, \u00e9 tamb\u00e9m um ambiente em constante crescimento para empreendedores. Seja para um MEI que est\u00e1 come\u00e7ando, uma pequena empresa familiar ou uma ind\u00fastria consolidada, a contabilidade em Campo Largo desempenha um papel fundamental. Neste guia, exploramos a import\u00e2ncia&hellip; <\/p><\/div><\/div>\n<\/div>\n\n<\/li><li class=\"wp-block-post post-213 post type-post status-publish format-standard has-post-thumbnail hentry category-open-finance category-solucoes-inteligentes tag-contabilidade tag-contavante tag-open-finance tag-solucoes-inteligentes-para-empresas\">\n\n<div class=\"wp-block-columns is-layout-flex wp-container-core-columns-is-layout-28f84493 wp-block-columns-is-layout-flex\">\n<div class=\"wp-block-column is-layout-flow wp-block-column-is-layout-flow\" style=\"flex-basis:30%\"><figure class=\"wp-block-post-featured-image\"><a href=\"https:\/\/contavante.com.br\/index.php\/2025\/07\/28\/open-finance-a-revolucao-financeira-aberta\/\" target=\"_self\"  ><img loading=\"lazy\" decoding=\"async\" width=\"500\" height=\"500\" src=\"https:\/\/contavante.com.br\/wp-content\/uploads\/2025\/07\/Copia-de-CONTAVANTE_20250724_085642_0000.png\" class=\"attachment-post-thumbnail size-post-thumbnail wp-post-image\" alt=\"Open Finance: A Revolu\u00e7\u00e3o Financeira Aberta\" style=\"object-fit:cover;\" srcset=\"https:\/\/contavante.com.br\/wp-content\/uploads\/2025\/07\/Copia-de-CONTAVANTE_20250724_085642_0000.png 500w, https:\/\/contavante.com.br\/wp-content\/uploads\/2025\/07\/Copia-de-CONTAVANTE_20250724_085642_0000-300x300.png 300w, https:\/\/contavante.com.br\/wp-content\/uploads\/2025\/07\/Copia-de-CONTAVANTE_20250724_085642_0000-150x150.png 150w\" sizes=\"auto, (max-width: 500px) 100vw, 500px\" \/><\/a><\/figure><\/div>\n\n\n\n<div class=\"wp-block-column is-vertically-aligned-center is-layout-flow wp-container-core-column-is-layout-6b73ce23 wp-block-column-is-layout-flow\"><h3 class=\"wp-block-post-title\"><a href=\"https:\/\/contavante.com.br\/index.php\/2025\/07\/28\/open-finance-a-revolucao-financeira-aberta\/\" target=\"_self\" >Open Finance: A Revolu\u00e7\u00e3o Financeira Aberta<\/a><\/h3>\n\n<div class=\"wp-block-post-date has-small-font-size\"><time datetime=\"2025-07-28T13:59:13-03:00\">28 de julho de 2025<\/time><\/div>\n\n<div class=\"wp-block-post-excerpt\"><p class=\"wp-block-post-excerpt__excerpt\">O Open Finance \u00e9 muito mais do que um jarg\u00e3o do mercado financeiro; ele \u00e9 a nova fronteira da inova\u00e7\u00e3o banc\u00e1ria no Brasil e no mundo. Com o potencial de transformar radicalmente a maneira como indiv\u00edduos e empresas interagem com produtos e servi\u00e7os financeiros, compreender o que \u00e9 Open Finance, seus benef\u00edcios e desafios \u00e9&hellip; <\/p><\/div><\/div>\n<\/div>\n\n<\/li><li class=\"wp-block-post post-210 post type-post status-publish format-standard has-post-thumbnail hentry category-nota-fiscal-eletronica category-solucoes-inteligentes tag-contabilidade tag-contavante tag-nf-e tag-nota-fiscal-eletronica tag-solucoes-inteligentes-para-empresas tag-tecnologia-para-empresas\">\n\n<div class=\"wp-block-columns is-layout-flex wp-container-core-columns-is-layout-28f84493 wp-block-columns-is-layout-flex\">\n<div class=\"wp-block-column is-layout-flow wp-block-column-is-layout-flow\" style=\"flex-basis:30%\"><figure class=\"wp-block-post-featured-image\"><a href=\"https:\/\/contavante.com.br\/index.php\/2025\/07\/28\/nota-fiscal-eletronica-nf-e-ascensao-da-gestao-inteligente\/\" target=\"_self\"  ><img loading=\"lazy\" decoding=\"async\" width=\"500\" height=\"500\" src=\"https:\/\/contavante.com.br\/wp-content\/uploads\/2025\/07\/Copia-de-CONTAVANTE_20250724_083256_0000.png\" class=\"attachment-post-thumbnail size-post-thumbnail wp-post-image\" alt=\"Nota Fiscal Eletr\u00f4nica (NF-e): Ascens\u00e3o da Gest\u00e3o Inteligente\" style=\"object-fit:cover;\" srcset=\"https:\/\/contavante.com.br\/wp-content\/uploads\/2025\/07\/Copia-de-CONTAVANTE_20250724_083256_0000.png 500w, https:\/\/contavante.com.br\/wp-content\/uploads\/2025\/07\/Copia-de-CONTAVANTE_20250724_083256_0000-300x300.png 300w, https:\/\/contavante.com.br\/wp-content\/uploads\/2025\/07\/Copia-de-CONTAVANTE_20250724_083256_0000-150x150.png 150w\" sizes=\"auto, (max-width: 500px) 100vw, 500px\" \/><\/a><\/figure><\/div>\n\n\n\n<div class=\"wp-block-column is-vertically-aligned-center is-layout-flow wp-container-core-column-is-layout-6b73ce23 wp-block-column-is-layout-flow\"><h3 class=\"wp-block-post-title\"><a href=\"https:\/\/contavante.com.br\/index.php\/2025\/07\/28\/nota-fiscal-eletronica-nf-e-ascensao-da-gestao-inteligente\/\" target=\"_self\" >Nota Fiscal Eletr\u00f4nica (NF-e): Ascens\u00e3o da Gest\u00e3o Inteligente<\/a><\/h3>\n\n<div class=\"wp-block-post-date has-small-font-size\"><time datetime=\"2025-07-28T11:46:12-03:00\">28 de julho de 2025<\/time><\/div>\n\n<div class=\"wp-block-post-excerpt\"><p class=\"wp-block-post-excerpt__excerpt\">A Nota Fiscal Eletr\u00f4nica (NF-e) revolucionou a forma como as transa\u00e7\u00f5es comerciais s\u00e3o documentadas no Brasil. Mais do que uma simples substitui\u00e7\u00e3o do papel, ela trouxe efici\u00eancia, seguran\u00e7a e um novo cen\u00e1rio para a gest\u00e3o fiscal das empresas. Para se adaptar a essa realidade e otimizar processos, o uso de softwares para emiss\u00e3o de NF-e&hellip; <\/p><\/div><\/div>\n<\/div>\n\n<\/li><\/ul>\n\n\n\n<nav class=\"wp-block-query-pagination is-content-justification-space-between is-nowrap is-layout-flex wp-container-core-query-pagination-is-layout-cb46ffcb wp-block-query-pagination-is-layout-flex\" aria-label=\"Pagina\u00e7\u00e3o\">\n\n\n<a href=\"\/index.php\/wp-json\/wp\/v2\/pages\/88?query-9-page=2\" style=\"text-transform:none;\" class=\"wp-block-query-pagination-next\">Proxima<span class='wp-block-query-pagination-next-arrow is-arrow-arrow' aria-hidden='true'>\u2192<\/span><\/a>\n<\/nav><\/div>\n<\/div>\n\n\n\n<div class=\"wp-block-group alignfull has-ti-fg-alt-color has-ti-bg-inv-background-color has-text-color has-background is-layout-constrained wp-block-group-is-layout-constrained\" style=\"margin-top:0px;margin-bottom:0px;padding-top:64px;padding-bottom:64px\">\n<h2 class=\"wp-block-heading has-text-align-center\">Pesquise uma postagem:<\/h2>\n\n\n\n<p><\/p>\n\n\n<form role=\"search\" method=\"get\" action=\"https:\/\/contavante.com.br\/\" class=\"wp-block-search__button-outside wp-block-search__text-button wp-block-search\"    ><label class=\"wp-block-search__label screen-reader-text\" for=\"wp-block-search__input-1\" >Search<\/label><div class=\"wp-block-search__inside-wrapper\" ><input class=\"wp-block-search__input\" id=\"wp-block-search__input-1\" placeholder=\"Digite aqui... \" value=\"\" type=\"search\" name=\"s\" required \/><button aria-label=\"Pesquisar\" class=\"wp-block-search__button wp-element-button\" type=\"submit\" >Pesquisar<\/button><\/div><\/form><\/div>\n<\/main>\n","protected":false},"excerpt":{"rendered":"<p>Veja algumas de nossas postagens recentes: Pesquise uma postagem:<\/p>\n","protected":false},"author":1,"featured_media":0,"parent":0,"menu_order":0,"comment_status":"closed","ping_status":"closed","template":"","meta":{"footnotes":""},"class_list":["post-88","page","type-page","status-publish","hentry"],"yoast_head":"<!-- This site is optimized with the Yoast SEO plugin v25.5 - https:\/\/yoast.com\/wordpress\/plugins\/seo\/ -->\n<title>Blog - ContAvante Contabilidade - Campo Largo<\/title>\n<meta name=\"robots\" content=\"index, follow, max-snippet:-1, max-image-preview:large, max-video-preview:-1\" \/>\n<link rel=\"canonical\" href=\"https:\/\/contavante.com.br\/index.php\/blog\/\" \/>\n<link rel=\"next\" href=\"https:\/\/contavante.com.br\/index.php\/blog\/88?query-9-page=2\" \/>\n<meta property=\"og:locale\" content=\"pt_BR\" \/>\n<meta property=\"og:type\" content=\"article\" \/>\n<meta property=\"og:title\" content=\"Blog - ContAvante Contabilidade - Campo Largo\" \/>\n<meta property=\"og:description\" content=\"Veja algumas de nossas postagens recentes: Pesquise uma postagem:\" \/>\n<meta property=\"og:url\" content=\"https:\/\/contavante.com.br\/index.php\/blog\/\" \/>\n<meta property=\"og:site_name\" content=\"ContAvante Contabilidade - Campo Largo\" \/>\n<meta property=\"article:publisher\" content=\"https:\/\/www.facebook.com\/profile.php?id=61552716494019\" \/>\n<meta property=\"og:image\" content=\"https:\/\/contavante.com.br\/wp-content\/uploads\/2025\/07\/Contabilidade_20250723_113319_0000-1024x585.png\" \/>\n<meta name=\"twitter:card\" content=\"summary_large_image\" \/>\n<script type=\"application\/ld+json\" class=\"yoast-schema-graph\">{\"@context\":\"https:\/\/schema.org\",\"@graph\":[{\"@type\":\"WebPage\",\"@id\":\"https:\/\/contavante.com.br\/index.php\/blog\/\",\"url\":\"https:\/\/contavante.com.br\/index.php\/blog\/\",\"name\":\"Blog - ContAvante Contabilidade - Campo Largo\",\"isPartOf\":{\"@id\":\"https:\/\/contavante.com.br\/#website\"},\"primaryImageOfPage\":{\"@id\":\"https:\/\/contavante.com.br\/index.php\/blog\/#primaryimage\"},\"image\":{\"@id\":\"https:\/\/contavante.com.br\/index.php\/blog\/#primaryimage\"},\"thumbnailUrl\":\"https:\/\/contavante.com.br\/wp-content\/uploads\/2025\/07\/Contabilidade_20250723_113319_0000-1024x585.png\",\"datePublished\":\"2025-07-23T19:16:40+00:00\",\"breadcrumb\":{\"@id\":\"https:\/\/contavante.com.br\/index.php\/blog\/#breadcrumb\"},\"inLanguage\":\"pt-BR\",\"potentialAction\":[{\"@type\":\"ReadAction\",\"target\":[\"https:\/\/contavante.com.br\/index.php\/blog\/\"]}]},{\"@type\":\"ImageObject\",\"inLanguage\":\"pt-BR\",\"@id\":\"https:\/\/contavante.com.br\/index.php\/blog\/#primaryimage\",\"url\":\"https:\/\/contavante.com.br\/wp-content\/uploads\/2025\/07\/Contabilidade_20250723_113319_0000.png\",\"contentUrl\":\"https:\/\/contavante.com.br\/wp-content\/uploads\/2025\/07\/Contabilidade_20250723_113319_0000.png\",\"width\":1050,\"height\":600},{\"@type\":\"BreadcrumbList\",\"@id\":\"https:\/\/contavante.com.br\/index.php\/blog\/#breadcrumb\",\"itemListElement\":[{\"@type\":\"ListItem\",\"position\":1,\"name\":\"Home\",\"item\":\"https:\/\/contavante.com.br\/\"},{\"@type\":\"ListItem\",\"position\":2,\"name\":\"Blog\"}]},{\"@type\":\"WebSite\",\"@id\":\"https:\/\/contavante.com.br\/#website\",\"url\":\"https:\/\/contavante.com.br\/\",\"name\":\"ContAvante Contabilidade\",\"description\":\"Contabilidade para empresas do Paran\u00e1\",\"publisher\":{\"@id\":\"https:\/\/contavante.com.br\/#organization\"},\"potentialAction\":[{\"@type\":\"SearchAction\",\"target\":{\"@type\":\"EntryPoint\",\"urlTemplate\":\"https:\/\/contavante.com.br\/?s={search_term_string}\"},\"query-input\":{\"@type\":\"PropertyValueSpecification\",\"valueRequired\":true,\"valueName\":\"search_term_string\"}}],\"inLanguage\":\"pt-BR\"},{\"@type\":\"Organization\",\"@id\":\"https:\/\/contavante.com.br\/#organization\",\"name\":\"ContAvante Contabilidade\",\"url\":\"https:\/\/contavante.com.br\/\",\"logo\":{\"@type\":\"ImageObject\",\"inLanguage\":\"pt-BR\",\"@id\":\"https:\/\/contavante.com.br\/#\/schema\/logo\/image\/\",\"url\":\"https:\/\/contavante.com.br\/wp-content\/uploads\/2025\/07\/cropped-CONTAVANTE-1-1.png\",\"contentUrl\":\"https:\/\/contavante.com.br\/wp-content\/uploads\/2025\/07\/cropped-CONTAVANTE-1-1.png\",\"width\":512,\"height\":512,\"caption\":\"ContAvante Contabilidade\"},\"image\":{\"@id\":\"https:\/\/contavante.com.br\/#\/schema\/logo\/image\/\"},\"sameAs\":[\"https:\/\/www.facebook.com\/profile.php?id=61552716494019\",\"https:\/\/www.instagram.com\/contavante_contabilidade\"]}]}<\/script>\n<!-- \/ Yoast SEO plugin. -->","yoast_head_json":{"title":"Blog - ContAvante Contabilidade - Campo Largo","robots":{"index":"index","follow":"follow","max-snippet":"max-snippet:-1","max-image-preview":"max-image-preview:large","max-video-preview":"max-video-preview:-1"},"canonical":"https:\/\/contavante.com.br\/index.php\/blog\/","next":"https:\/\/contavante.com.br\/index.php\/blog\/88?query-9-page=2","og_locale":"pt_BR","og_type":"article","og_title":"Blog - ContAvante Contabilidade - Campo Largo","og_description":"Veja algumas de nossas postagens recentes: Pesquise uma postagem:","og_url":"https:\/\/contavante.com.br\/index.php\/blog\/","og_site_name":"ContAvante Contabilidade - Campo Largo","article_publisher":"https:\/\/www.facebook.com\/profile.php?id=61552716494019","og_image":[{"url":"https:\/\/contavante.com.br\/wp-content\/uploads\/2025\/07\/Contabilidade_20250723_113319_0000-1024x585.png","type":"","width":"","height":""}],"twitter_card":"summary_large_image","schema":{"@context":"https:\/\/schema.org","@graph":[{"@type":"WebPage","@id":"https:\/\/contavante.com.br\/index.php\/blog\/","url":"https:\/\/contavante.com.br\/index.php\/blog\/","name":"Blog - ContAvante Contabilidade - Campo Largo","isPartOf":{"@id":"https:\/\/contavante.com.br\/#website"},"primaryImageOfPage":{"@id":"https:\/\/contavante.com.br\/index.php\/blog\/#primaryimage"},"image":{"@id":"https:\/\/contavante.com.br\/index.php\/blog\/#primaryimage"},"thumbnailUrl":"https:\/\/contavante.com.br\/wp-content\/uploads\/2025\/07\/Contabilidade_20250723_113319_0000-1024x585.png","datePublished":"2025-07-23T19:16:40+00:00","breadcrumb":{"@id":"https:\/\/contavante.com.br\/index.php\/blog\/#breadcrumb"},"inLanguage":"pt-BR","potentialAction":[{"@type":"ReadAction","target":["https:\/\/contavante.com.br\/index.php\/blog\/"]}]},{"@type":"ImageObject","inLanguage":"pt-BR","@id":"https:\/\/contavante.com.br\/index.php\/blog\/#primaryimage","url":"https:\/\/contavante.com.br\/wp-content\/uploads\/2025\/07\/Contabilidade_20250723_113319_0000.png","contentUrl":"https:\/\/contavante.com.br\/wp-content\/uploads\/2025\/07\/Contabilidade_20250723_113319_0000.png","width":1050,"height":600},{"@type":"BreadcrumbList","@id":"https:\/\/contavante.com.br\/index.php\/blog\/#breadcrumb","itemListElement":[{"@type":"ListItem","position":1,"name":"Home","item":"https:\/\/contavante.com.br\/"},{"@type":"ListItem","position":2,"name":"Blog"}]},{"@type":"WebSite","@id":"https:\/\/contavante.com.br\/#website","url":"https:\/\/contavante.com.br\/","name":"ContAvante Contabilidade","description":"Contabilidade para empresas do Paran\u00e1","publisher":{"@id":"https:\/\/contavante.com.br\/#organization"},"potentialAction":[{"@type":"SearchAction","target":{"@type":"EntryPoint","urlTemplate":"https:\/\/contavante.com.br\/?s={search_term_string}"},"query-input":{"@type":"PropertyValueSpecification","valueRequired":true,"valueName":"search_term_string"}}],"inLanguage":"pt-BR"},{"@type":"Organization","@id":"https:\/\/contavante.com.br\/#organization","name":"ContAvante Contabilidade","url":"https:\/\/contavante.com.br\/","logo":{"@type":"ImageObject","inLanguage":"pt-BR","@id":"https:\/\/contavante.com.br\/#\/schema\/logo\/image\/","url":"https:\/\/contavante.com.br\/wp-content\/uploads\/2025\/07\/cropped-CONTAVANTE-1-1.png","contentUrl":"https:\/\/contavante.com.br\/wp-content\/uploads\/2025\/07\/cropped-CONTAVANTE-1-1.png","width":512,"height":512,"caption":"ContAvante Contabilidade"},"image":{"@id":"https:\/\/contavante.com.br\/#\/schema\/logo\/image\/"},"sameAs":["https:\/\/www.facebook.com\/profile.php?id=61552716494019","https:\/\/www.instagram.com\/contavante_contabilidade"]}]}},"_links":{"self":[{"href":"https:\/\/contavante.com.br\/index.php\/wp-json\/wp\/v2\/pages\/88","targetHints":{"allow":["GET"]}}],"collection":[{"href":"https:\/\/contavante.com.br\/index.php\/wp-json\/wp\/v2\/pages"}],"about":[{"href":"https:\/\/contavante.com.br\/index.php\/wp-json\/wp\/v2\/types\/page"}],"author":[{"embeddable":true,"href":"https:\/\/contavante.com.br\/index.php\/wp-json\/wp\/v2\/users\/1"}],"replies":[{"embeddable":true,"href":"https:\/\/contavante.com.br\/index.php\/wp-json\/wp\/v2\/comments?post=88"}],"version-history":[{"count":4,"href":"https:\/\/contavante.com.br\/index.php\/wp-json\/wp\/v2\/pages\/88\/revisions"}],"predecessor-version":[{"id":119,"href":"https:\/\/contavante.com.br\/index.php\/wp-json\/wp\/v2\/pages\/88\/revisions\/119"}],"wp:attachment":[{"href":"https:\/\/contavante.com.br\/index.php\/wp-json\/wp\/v2\/media?parent=88"}],"curies":[{"name":"wp","href":"https:\/\/api.w.org\/{rel}","templated":true}]}}